{"id":53,"date":"2025-02-04T13:26:14","date_gmt":"2025-02-04T13:26:14","guid":{"rendered":"https:\/\/limohireleicester.com\/over-ons\/"},"modified":"2025-02-05T08:37:04","modified_gmt":"2025-02-05T08:37:04","slug":"over-ons","status":"publish","type":"page","link":"https:\/\/limohireleicester.com\/ro\/over-ons\/","title":{"rendered":"Despre noi"},"content":{"rendered":"<p>Bine a\u021bi venit pe blogul nostru de mod\u0103! Suntem pasiona\u021bi de tot ce \u021bine de mod\u0103 \u0219i vrem s\u0103 \u00eemp\u0103rt\u0103\u0219im aceast\u0103 pasiune cu voi. Scopul nostru este s\u0103 v\u0103 inspir\u0103m \u0219i s\u0103 v\u0103 ajut\u0103m s\u0103 v\u0103 descoperi\u021bi propriul stil unic. Fie c\u0103 sunte\u021bi \u00een c\u0103utarea celor mai recente tendin\u021be, a unor sfaturi practice de stil sau a unor modalit\u0103\u021bi de a \u00eencorpora sustenabilitatea \u00een garderoba dumneavoastr\u0103, le avem pe toate.<\/p>\n<p>La noi ve\u021bi g\u0103si articole care nu doar discut\u0103 despre ultima mod\u0103, ci \u0219i despre pove\u0219tile din spatele ei, stilurile \u0219i influen\u021ba modei asupra vie\u021bii noastre de zi cu zi. Credem c\u0103 moda este o modalitate de a te exprima \u0219i c\u0103 fiecare are dreptul s\u0103 se simt\u0103 \u00eencrez\u0103tor \u0219i elegant \u00een ceea ce poart\u0103.<\/p>\n<p><img loading=\"lazy\" decoding=\"async\" class=\"aligncenter wp-image-52 size-full\" src=\"https:\/\/limohireleicester.com\/wp-content\/uploads\/muzhskaya-odezhda-izolirovana-na-belom-fone.jpg\" alt=\"\" width=\"612\" height=\"408\" srcset=\"https:\/\/limohireleicester.com\/wp-content\/uploads\/muzhskaya-odezhda-izolirovana-na-belom-fone.jpg 612w, https:\/\/limohireleicester.com\/wp-content\/uploads\/muzhskaya-odezhda-izolirovana-na-belom-fone-300x200.jpg 300w\" sizes=\"auto, (max-width: 612px) 100vw, 612px\" \/><\/p>\n<h2>Ce pute\u021bi g\u0103si aici<\/h2>\n<ul>\n<li>Informa\u021bii despre cele mai recente tendin\u021be \u00een mod\u0103 \u0219i cum s\u0103 le integrezi \u00een garderoba ta<\/li>\n<li>Sfaturi practice pentru combinarea stilurilor \u0219i culorilor pentru fiecare ocazie<\/li>\n<li>Sfaturi despre mod\u0103 sustenabil\u0103 \u0219i alegeri vestimentare etice<\/li>\n<li>Articole detaliate despre icoane ale modei \u0219i designeri influen\u021bi<\/li>\n<li>Sfaturi de stil pentru diferite tipuri de corp \u0219i preferin\u021be personale<\/li>\n<\/ul>\n<p>Ne concentr\u0103m pe g\u0103sirea echilibrului perfect \u00eentre mod\u0103, personalitate \u0219i sustenabilitate. Sper\u0103m c\u0103 ve\u021bi fi inspira\u021bi \u0219i ve\u021bi adopta cu \u00eencredere propriul stil. R\u0103m\u00e2ne\u021bi pe faz\u0103 pentru mai multe articole \u0219i inspira\u021bi-v\u0103 din tot ce \u021bine de mod\u0103!<\/p>","protected":false},"excerpt":{"rendered":"<p>Bine a\u021bi venit pe blogul nostru de mod\u0103! Suntem pasiona\u021bi de tot ce \u021bine de mod\u0103 \u0219i ne-ar pl\u0103cea s\u0103 \u00eemp\u0103rt\u0103\u0219im aceast\u0103 pasiune cu voi. [\u2026] <span class=\"read-more-link\"><a class=\"read-more\" href=\"https:\/\/limohireleicester.com\/ro\/over-ons\/\">Cite\u015fte mai mult<\/a><\/span><\/p>","protected":false},"author":1,"featured_media":0,"parent":0,"menu_order":0,"comment_status":"closed","ping_status":"closed","template":"","meta":{"_acf_changed":false,"footnotes":""},"class_list":["post-53","page","type-page","status-publish","hentry"],"acf":[],"yoast_head":"<!-- This site is optimized with the Yoast SEO plugin v23.2 - https:\/\/yoast.com\/wordpress\/plugins\/seo\/ -->\n<title>Over ons - limohireleicester.com<\/title>\n<meta name=\"description\" content=\"Ontdek mode-inspiratie, stijladvies en de nieuwste trends. Duurzame mode en praktische tips om je eigen stijl te cre\u00ebren en te verbeteren.\" \/>\n<meta name=\"robots\" content=\"index, follow, max-snippet:-1, max-image-preview:large, max-video-preview:-1\" \/>\n<link rel=\"canonical\" href=\"https:\/\/limohireleicester.com\/ro\/over-ons\/\" \/>\n<meta property=\"og:locale\" content=\"ro_RO\" \/>\n<meta property=\"og:type\" content=\"article\" \/>\n<meta property=\"og:title\" content=\"Over ons - limohireleicester.com\" \/>\n<meta property=\"og:description\" content=\"Ontdek mode-inspiratie, stijladvies en de nieuwste trends. Duurzame mode en praktische tips om je eigen stijl te cre\u00ebren en te verbeteren.\" \/>\n<meta property=\"og:url\" content=\"https:\/\/limohireleicester.com\/ro\/over-ons\/\" \/>\n<meta property=\"og:site_name\" content=\"limohireleicester.com\" \/>\n<meta property=\"article:modified_time\" content=\"2025-02-05T08:37:04+00:00\" \/>\n<meta property=\"og:image\" content=\"https:\/\/limohireleicester.com\/wp-content\/uploads\/muzhskaya-odezhda-izolirovana-na-belom-fone.jpg\" \/>\n<meta name=\"twitter:card\" content=\"summary_large_image\" \/>\n<meta name=\"twitter:label1\" content=\"Timp estimat pentru citire\" \/>\n\t<meta name=\"twitter:data1\" content=\"2 minute\" \/>\n<script type=\"application\/ld+json\" class=\"yoast-schema-graph\">{\"@context\":\"https:\/\/schema.org\",\"@graph\":[{\"@type\":\"WebPage\",\"@id\":\"https:\/\/limohireleicester.com\/over-ons\/\",\"url\":\"https:\/\/limohireleicester.com\/over-ons\/\",\"name\":\"Over ons - limohireleicester.com\",\"isPartOf\":{\"@id\":\"https:\/\/limohireleicester.com\/#website\"},\"primaryImageOfPage\":{\"@id\":\"https:\/\/limohireleicester.com\/over-ons\/#primaryimage\"},\"image\":{\"@id\":\"https:\/\/limohireleicester.com\/over-ons\/#primaryimage\"},\"thumbnailUrl\":\"https:\/\/limohireleicester.com\/wp-content\/uploads\/muzhskaya-odezhda-izolirovana-na-belom-fone.jpg\",\"datePublished\":\"2025-02-04T13:26:14+00:00\",\"dateModified\":\"2025-02-05T08:37:04+00:00\",\"description\":\"Ontdek mode-inspiratie, stijladvies en de nieuwste trends. Duurzame mode en praktische tips om je eigen stijl te cre\u00ebren en te verbeteren.\",\"breadcrumb\":{\"@id\":\"https:\/\/limohireleicester.com\/over-ons\/#breadcrumb\"},\"inLanguage\":\"ro-RO\",\"potentialAction\":[{\"@type\":\"ReadAction\",\"target\":[\"https:\/\/limohireleicester.com\/over-ons\/\"]}]},{\"@type\":\"ImageObject\",\"inLanguage\":\"ro-RO\",\"@id\":\"https:\/\/limohireleicester.com\/over-ons\/#primaryimage\",\"url\":\"https:\/\/limohireleicester.com\/wp-content\/uploads\/muzhskaya-odezhda-izolirovana-na-belom-fone.jpg\",\"contentUrl\":\"https:\/\/limohireleicester.com\/wp-content\/uploads\/muzhskaya-odezhda-izolirovana-na-belom-fone.jpg\"},{\"@type\":\"BreadcrumbList\",\"@id\":\"https:\/\/limohireleicester.com\/over-ons\/#breadcrumb\",\"itemListElement\":[{\"@type\":\"ListItem\",\"position\":1,\"name\":\"Home\",\"item\":\"https:\/\/limohireleicester.com\/\"},{\"@type\":\"ListItem\",\"position\":2,\"name\":\"Over ons\"}]},{\"@type\":\"WebSite\",\"@id\":\"https:\/\/limohireleicester.com\/#website\",\"url\":\"https:\/\/limohireleicester.com\/\",\"name\":\"limohireleicester.com\",\"description\":\"Fashion lifestyle blog met persoonlijke styling tips en trendy outfit idee\u00ebn\",\"potentialAction\":[{\"@type\":\"SearchAction\",\"target\":{\"@type\":\"EntryPoint\",\"urlTemplate\":\"https:\/\/limohireleicester.com\/?s={search_term_string}\"},\"query-input\":\"required name=search_term_string\"}],\"inLanguage\":\"ro-RO\"}]}<\/script>\n<!-- \/ Yoast SEO plugin. -->","yoast_head_json":{"title":"Over ons - limohireleicester.com","description":"Ontdek mode-inspiratie, stijladvies en de nieuwste trends. Duurzame mode en praktische tips om je eigen stijl te cre\u00ebren en te verbeteren.","robots":{"index":"index","follow":"follow","max-snippet":"max-snippet:-1","max-image-preview":"max-image-preview:large","max-video-preview":"max-video-preview:-1"},"canonical":"https:\/\/limohireleicester.com\/ro\/over-ons\/","og_locale":"ro_RO","og_type":"article","og_title":"Over ons - limohireleicester.com","og_description":"Ontdek mode-inspiratie, stijladvies en de nieuwste trends. Duurzame mode en praktische tips om je eigen stijl te cre\u00ebren en te verbeteren.","og_url":"https:\/\/limohireleicester.com\/ro\/over-ons\/","og_site_name":"limohireleicester.com","article_modified_time":"2025-02-05T08:37:04+00:00","og_image":[{"url":"https:\/\/limohireleicester.com\/wp-content\/uploads\/muzhskaya-odezhda-izolirovana-na-belom-fone.jpg"}],"twitter_card":"summary_large_image","twitter_misc":{"Timp estimat pentru citire":"2 minute"},"schema":{"@context":"https:\/\/schema.org","@graph":[{"@type":"WebPage","@id":"https:\/\/limohireleicester.com\/over-ons\/","url":"https:\/\/limohireleicester.com\/over-ons\/","name":"Over ons - limohireleicester.com","isPartOf":{"@id":"https:\/\/limohireleicester.com\/#website"},"primaryImageOfPage":{"@id":"https:\/\/limohireleicester.com\/over-ons\/#primaryimage"},"image":{"@id":"https:\/\/limohireleicester.com\/over-ons\/#primaryimage"},"thumbnailUrl":"https:\/\/limohireleicester.com\/wp-content\/uploads\/muzhskaya-odezhda-izolirovana-na-belom-fone.jpg","datePublished":"2025-02-04T13:26:14+00:00","dateModified":"2025-02-05T08:37:04+00:00","description":"Ontdek mode-inspiratie, stijladvies en de nieuwste trends. Duurzame mode en praktische tips om je eigen stijl te cre\u00ebren en te verbeteren.","breadcrumb":{"@id":"https:\/\/limohireleicester.com\/over-ons\/#breadcrumb"},"inLanguage":"ro-RO","potentialAction":[{"@type":"ReadAction","target":["https:\/\/limohireleicester.com\/over-ons\/"]}]},{"@type":"ImageObject","inLanguage":"ro-RO","@id":"https:\/\/limohireleicester.com\/over-ons\/#primaryimage","url":"https:\/\/limohireleicester.com\/wp-content\/uploads\/muzhskaya-odezhda-izolirovana-na-belom-fone.jpg","contentUrl":"https:\/\/limohireleicester.com\/wp-content\/uploads\/muzhskaya-odezhda-izolirovana-na-belom-fone.jpg"},{"@type":"BreadcrumbList","@id":"https:\/\/limohireleicester.com\/over-ons\/#breadcrumb","itemListElement":[{"@type":"ListItem","position":1,"name":"Home","item":"https:\/\/limohireleicester.com\/"},{"@type":"ListItem","position":2,"name":"Over ons"}]},{"@type":"WebSite","@id":"https:\/\/limohireleicester.com\/#website","url":"https:\/\/limohireleicester.com\/","name":"limohireleicester.com","description":"Fashion lifestyle blog met persoonlijke styling tips en trendy outfit idee\u00ebn","potentialAction":[{"@type":"SearchAction","target":{"@type":"EntryPoint","urlTemplate":"https:\/\/limohireleicester.com\/?s={search_term_string}"},"query-input":"required name=search_term_string"}],"inLanguage":"ro-RO"}]}},"yoast_meta":{"yoast_wpseo_title":"","yoast_wpseo_metadesc":"","yoast_wpseo_canonical":"https:\/\/limohireleicester.com\/ro\/wp-json\/wp\/v2\/pages\/53"},"_links":{"self":[{"href":"https:\/\/limohireleicester.com\/ro\/wp-json\/wp\/v2\/pages\/53","targetHints":{"allow":["GET"]}}],"collection":[{"href":"https:\/\/limohireleicester.com\/ro\/wp-json\/wp\/v2\/pages"}],"about":[{"href":"https:\/\/limohireleicester.com\/ro\/wp-json\/wp\/v2\/types\/page"}],"author":[{"embeddable":true,"href":"https:\/\/limohireleicester.com\/ro\/wp-json\/wp\/v2\/users\/1"}],"replies":[{"embeddable":true,"href":"https:\/\/limohireleicester.com\/ro\/wp-json\/wp\/v2\/comments?post=53"}],"version-history":[{"count":1,"href":"https:\/\/limohireleicester.com\/ro\/wp-json\/wp\/v2\/pages\/53\/revisions"}],"predecessor-version":[{"id":59,"href":"https:\/\/limohireleicester.com\/ro\/wp-json\/wp\/v2\/pages\/53\/revisions\/59"}],"wp:attachment":[{"href":"https:\/\/limohireleicester.com\/ro\/wp-json\/wp\/v2\/media?parent=53"}],"curies":[{"name":"wp","href":"https:\/\/api.w.org\/{rel}","templated":true}]}}