{"id":54,"date":"2025-02-04T13:26:20","date_gmt":"2025-02-04T13:26:20","guid":{"rendered":"https:\/\/limohireleicester.com\/contact\/"},"modified":"2025-02-04T13:26:20","modified_gmt":"2025-02-04T13:26:20","slug":"contact","status":"publish","type":"page","link":"https:\/\/limohireleicester.com\/ro\/contact\/","title":{"rendered":"Contact"},"content":{"rendered":"<p>Ne-ar pl\u0103cea s\u0103 auzim p\u0103rerea ta! Indiferent dac\u0103 ai \u00eentreb\u0103ri, comentarii sau sugestii, echipa noastr\u0103 este aici pentru a te ajuta. Ne propunem s\u0103 r\u0103spundem \u00een termen de 24 de ore.\n    <\/p>\n<h2>Trimite\u021bi-ne un mesaj<\/h2>\n<form action=\"\/ro\/submit\/\" method=\"post\" data-trp-original-action=\"\/submit\">\n        <label for=\"naam\">Nume:<\/label><br \/>\n        <input type=\"text\" id=\"naam\" name=\"naam\" required><\/p>\n<p>        <label for=\"email\">Adresa de e-mail:<\/label><br \/>\n        <input type=\"email\" id=\"email\" name=\"email\" required><\/p>\n<p>        <label for=\"onderwerp\">Subiect:<\/label><br \/>\n        <input type=\"text\" id=\"onderwerp\" name=\"onderwerp\" required><\/p>\n<p>        <label for=\"bericht\">Mesaj:<\/label><br \/>\n        <textarea id=\"bericht\" name=\"bericht\" rows=\"5\" required><\/textarea><\/p>\n<p>        <button type=\"submit\">Trimite<\/button><br \/>\n    <input type=\"hidden\" name=\"trp-form-language\" value=\"ro\"\/><\/form>","protected":false},"excerpt":{"rendered":"<p>Wij horen graag van u! Of u nu vragen, opmerkingen of suggesties heeft, ons team staat klaar om u te helpen. Wij streven ernaar om [&hellip;] <span class=\"read-more-link\"><a class=\"read-more\" href=\"https:\/\/limohireleicester.com\/ro\/contact\/\">Cite\u015fte mai mult<\/a><\/span><\/p>","protected":false},"author":1,"featured_media":0,"parent":0,"menu_order":0,"comment_status":"closed","ping_status":"closed","template":"","meta":{"_acf_changed":false,"footnotes":""},"class_list":["post-54","page","type-page","status-publish","hentry"],"acf":[],"yoast_head":"<!-- This site is optimized with the Yoast SEO plugin v23.2 - https:\/\/yoast.com\/wordpress\/plugins\/seo\/ -->\n<title>Contact - limohireleicester.com<\/title>\n<meta name=\"description\" content=\"Heb je vragen of suggesties? Neem contact met ons op en ons team zal binnen 24 uur reageren om je verder te helpen met je verzoeken.\" \/>\n<meta name=\"robots\" content=\"index, follow, max-snippet:-1, max-image-preview:large, max-video-preview:-1\" \/>\n<link rel=\"canonical\" href=\"https:\/\/limohireleicester.com\/ro\/contact\/\" \/>\n<meta property=\"og:locale\" content=\"ro_RO\" \/>\n<meta property=\"og:type\" content=\"article\" \/>\n<meta property=\"og:title\" content=\"Contact - limohireleicester.com\" \/>\n<meta property=\"og:description\" content=\"Heb je vragen of suggesties? Neem contact met ons op en ons team zal binnen 24 uur reageren om je verder te helpen met je verzoeken.\" \/>\n<meta property=\"og:url\" content=\"https:\/\/limohireleicester.com\/ro\/contact\/\" \/>\n<meta property=\"og:site_name\" content=\"limohireleicester.com\" \/>\n<meta name=\"twitter:card\" content=\"summary_large_image\" \/>\n<script type=\"application\/ld+json\" class=\"yoast-schema-graph\">{\"@context\":\"https:\/\/schema.org\",\"@graph\":[{\"@type\":\"WebPage\",\"@id\":\"https:\/\/limohireleicester.com\/contact\/\",\"url\":\"https:\/\/limohireleicester.com\/contact\/\",\"name\":\"Contact - limohireleicester.com\",\"isPartOf\":{\"@id\":\"https:\/\/limohireleicester.com\/#website\"},\"datePublished\":\"2025-02-04T13:26:20+00:00\",\"dateModified\":\"2025-02-04T13:26:20+00:00\",\"description\":\"Heb je vragen of suggesties? Neem contact met ons op en ons team zal binnen 24 uur reageren om je verder te helpen met je verzoeken.\",\"breadcrumb\":{\"@id\":\"https:\/\/limohireleicester.com\/contact\/#breadcrumb\"},\"inLanguage\":\"ro-RO\",\"potentialAction\":[{\"@type\":\"ReadAction\",\"target\":[\"https:\/\/limohireleicester.com\/contact\/\"]}]},{\"@type\":\"BreadcrumbList\",\"@id\":\"https:\/\/limohireleicester.com\/contact\/#breadcrumb\",\"itemListElement\":[{\"@type\":\"ListItem\",\"position\":1,\"name\":\"Home\",\"item\":\"https:\/\/limohireleicester.com\/\"},{\"@type\":\"ListItem\",\"position\":2,\"name\":\"Contact\"}]},{\"@type\":\"WebSite\",\"@id\":\"https:\/\/limohireleicester.com\/#website\",\"url\":\"https:\/\/limohireleicester.com\/\",\"name\":\"limohireleicester.com\",\"description\":\"Fashion lifestyle blog met persoonlijke styling tips en trendy outfit idee\u00ebn\",\"potentialAction\":[{\"@type\":\"SearchAction\",\"target\":{\"@type\":\"EntryPoint\",\"urlTemplate\":\"https:\/\/limohireleicester.com\/?s={search_term_string}\"},\"query-input\":\"required name=search_term_string\"}],\"inLanguage\":\"ro-RO\"}]}<\/script>\n<!-- \/ Yoast SEO plugin. -->","yoast_head_json":{"title":"Contact - limohireleicester.com","description":"Heb je vragen of suggesties? Neem contact met ons op en ons team zal binnen 24 uur reageren om je verder te helpen met je verzoeken.","robots":{"index":"index","follow":"follow","max-snippet":"max-snippet:-1","max-image-preview":"max-image-preview:large","max-video-preview":"max-video-preview:-1"},"canonical":"https:\/\/limohireleicester.com\/ro\/contact\/","og_locale":"ro_RO","og_type":"article","og_title":"Contact - limohireleicester.com","og_description":"Heb je vragen of suggesties? Neem contact met ons op en ons team zal binnen 24 uur reageren om je verder te helpen met je verzoeken.","og_url":"https:\/\/limohireleicester.com\/ro\/contact\/","og_site_name":"limohireleicester.com","twitter_card":"summary_large_image","schema":{"@context":"https:\/\/schema.org","@graph":[{"@type":"WebPage","@id":"https:\/\/limohireleicester.com\/contact\/","url":"https:\/\/limohireleicester.com\/contact\/","name":"Contact - limohireleicester.com","isPartOf":{"@id":"https:\/\/limohireleicester.com\/#website"},"datePublished":"2025-02-04T13:26:20+00:00","dateModified":"2025-02-04T13:26:20+00:00","description":"Heb je vragen of suggesties? Neem contact met ons op en ons team zal binnen 24 uur reageren om je verder te helpen met je verzoeken.","breadcrumb":{"@id":"https:\/\/limohireleicester.com\/contact\/#breadcrumb"},"inLanguage":"ro-RO","potentialAction":[{"@type":"ReadAction","target":["https:\/\/limohireleicester.com\/contact\/"]}]},{"@type":"BreadcrumbList","@id":"https:\/\/limohireleicester.com\/contact\/#breadcrumb","itemListElement":[{"@type":"ListItem","position":1,"name":"Home","item":"https:\/\/limohireleicester.com\/"},{"@type":"ListItem","position":2,"name":"Contact"}]},{"@type":"WebSite","@id":"https:\/\/limohireleicester.com\/#website","url":"https:\/\/limohireleicester.com\/","name":"limohireleicester.com","description":"Fashion lifestyle blog met persoonlijke styling tips en trendy outfit idee\u00ebn","potentialAction":[{"@type":"SearchAction","target":{"@type":"EntryPoint","urlTemplate":"https:\/\/limohireleicester.com\/?s={search_term_string}"},"query-input":"required name=search_term_string"}],"inLanguage":"ro-RO"}]}},"yoast_meta":{"yoast_wpseo_title":"","yoast_wpseo_metadesc":"","yoast_wpseo_canonical":"https:\/\/limohireleicester.com\/ro\/wp-json\/wp\/v2\/pages\/54"},"_links":{"self":[{"href":"https:\/\/limohireleicester.com\/ro\/wp-json\/wp\/v2\/pages\/54","targetHints":{"allow":["GET"]}}],"collection":[{"href":"https:\/\/limohireleicester.com\/ro\/wp-json\/wp\/v2\/pages"}],"about":[{"href":"https:\/\/limohireleicester.com\/ro\/wp-json\/wp\/v2\/types\/page"}],"author":[{"embeddable":true,"href":"https:\/\/limohireleicester.com\/ro\/wp-json\/wp\/v2\/users\/1"}],"replies":[{"embeddable":true,"href":"https:\/\/limohireleicester.com\/ro\/wp-json\/wp\/v2\/comments?post=54"}],"version-history":[{"count":0,"href":"https:\/\/limohireleicester.com\/ro\/wp-json\/wp\/v2\/pages\/54\/revisions"}],"wp:attachment":[{"href":"https:\/\/limohireleicester.com\/ro\/wp-json\/wp\/v2\/media?parent=54"}],"curies":[{"name":"wp","href":"https:\/\/api.w.org\/{rel}","templated":true}]}}